{"id":106,"date":"2015-03-17T19:32:49","date_gmt":"2015-03-17T18:32:49","guid":{"rendered":"http:\/\/mach-mit-musik.de\/testinstall\/?page_id=106"},"modified":"2023-07-08T13:17:12","modified_gmt":"2023-07-08T11:17:12","slug":"unternehmen","status":"publish","type":"page","link":"https:\/\/flughafentransfer-os.de\/airport-shuttle\/unternehmen\/","title":{"rendered":"Unternehmen"},"content":{"rendered":"<p><div class=\"et_pb_section et_pb_inner_shadow et_pb_fullwidth_section et_section_regular et_section_transparent\" style='background-image:url(http:\/\/flughafentransfer-os.de\/airport-shuttle\/wp-content\/uploads\/2015\/03\/bg-blau.jpg);'>\n\t\t\t\n\t\t\t\n\t\t\t\t\n\t\t\t\t<section class=\"et_pb_fullwidth_header et_pb_bg_layout_dark et_pb_text_align_left\">\n\t\t\t<div class=\"et_pb_row\">\n\t\t\t\t<h1>Ihr 24-Stunden-Service und zuverl\u00e4ssiger Partner<\/h1>\n\t\t\t\t\n\t\t\t<\/div>\n\t\t<\/section>\n\t\t\t\n\t\t<\/div> <!-- .et_pb_section --><div class=\"et_pb_section et_section_specialty\">\n\t\t\t\n\t\t\t<div class=\"et_pb_row\">\n\t\t\t\t\n\t\t\t\t<div class=\"et_pb_column et_pb_column_3_4\">\n\t\t\t<div class=\"et_pb_row_inner\">\n\t\t\t<div class=\"et_pb_column et_pb_column_3_8 et_pb_column_inner\">\n\t\t\t<div class=\"et_pb_text et_pb_bg_layout_light et_pb_text_align_left\">\n\t\t\t\n<h2 style=\"text-align: justify;\">Unternehmen<\/h2>\n<p style=\"text-align: justify;\">Seit unserer Gr\u00fcndung im Jahr 2006 bef\u00f6rdern wir unsere Kunden sicher in modernen, komfortablen, gepflegten und klimatisierten Fahrzeugen PKW-Kombi und VW-Bus Caravelle (mit je 8 Fahrgastpl\u00e4tzen). Das FTS-Fahrerteam besteht aus p\u00fcnktlichen, freundlichen und zuvor- kommenden ChauffeurenInnen mit langj\u00e4hriger Fahr- praxis. Unsere Kunden werden in den Flugh\u00e4fen am jeweiligen Meeting-Point der Terminals erwartet und an den Ort Ihrer Wahl gebracht, bzw. vom vereinbarten Abholort zu Ihrem jeweiligen Ziel gefahren. Unser bekannt guter Transfer-Service wird zu einem vorher vereinbarten Preis angeboten, damit unsere Kunden stets die Kosten- kontrolle haben. Unsere gelebte Unternehmenskultur beruht auf Individualit\u00e4t und Leistungsst\u00e4rke gegen- \u00fcber unseren Kunden.<\/p>\n\n\t\t<\/div> <!-- .et_pb_text -->\n\t\t<\/div> <!-- .et_pb_column --><div class=\"et_pb_column et_pb_column_3_8 et_pb_column_inner\">\n\t\t\t<div class=\"et_pb_text et_pb_bg_layout_light et_pb_text_align_left\">\n\t\t\t\n<h2><\/h2>\n<p><strong>Unser FlughafenTransferService chauffiert regelm\u00e4\u00dfig Fahrg\u00e4ste zum Beispiel von und zu folgenden Flugh\u00e4fen sowie Kreuzfahrth\u00e4fen:<\/strong><\/p>\n<p style=\"text-align: left;\">\u2022 Amsterdam \u2022 Berlin \u2022 Bremen \u2022 Br\u00fcssel \u2022\u00a0Dortmund \u2022 D\u00fcsseldorf \u2022 Frankfurt\/Main \u2022 Frankfurt\/Hahn \u2022\u00a0Hamburg \u2022 Hannover \u2022 K\u00f6ln\/Bonn \u2022 Leipzig \u2022 M\u00fcnster\/Osnabr\u00fcck \u2022 Paderborn \u2022 Stuttgart \u2022 M\u00fcnchen \u2022 Weeze \u2022<\/p>\n<p>&nbsp;<\/p>\n<p><strong>Des Weiteren bieten wir einen Transfer- bzw. Shuttle-, sowie Express-Service f\u00fcr beispielsweise folgende Gelegenheiten:<\/strong><\/p>\n<p>\u2022 Betriebsfeiern \u2022 Gesch\u00e4ftstreffen \u2022 Messen \u2022 Jubil\u00e4umsveranstaltungen \u2022 Gala-Veranstaltungen \u2022 Hausmessen \u2022 Privatveranstaltungen \u2022 Hochzeiten \u2022 sonstige Events \u2022 Expressfahrten \u2022 Kurierdienste \u2022<\/p>\n\n\t\t<\/div> <!-- .et_pb_text -->\n\t\t<\/div> <!-- .et_pb_column -->\n\t\t<\/div> <!-- .et_pb_row_inner -->\n\t\t<\/div> <!-- .et_pb_column --><div class=\"et_pb_column et_pb_column_1_4\">\n\t\t\t<div class=\"et_pb_widget_area et_pb_widget_area_right clearfix et_pb_bg_layout_light\">\n\t\t\t<div id=\"text-2\" class=\"et_pb_widget widget_text\"><h4 class=\"widgettitle\">Ihr 24-Stunden-Service und zuverl\u00e4ssiger Partner<\/h4>\t\t\t<div class=\"textwidget\"><p><\/p>\n<h5>Mobil:<\/h5>\n<p>+49 (0) 170 - 4696785<br \/>\n+49 (0) 160 - 93907337<br \/>\n<a href=\"https:\/\/wa.me\/4916093907337\"><img src=\"https:\/\/flughafentransfer-os.de\/airport-shuttle\/wp-content\/uploads\/2022\/06\/WA.png\" width=\"30%\"; height= 10%; alt=\"\" class=\"et-waypoint et_pb_animation_left et-animated\" style=\"vertical-align: middle; max-width:30%;\"><\/a><a href=\"viber:\/\/chat\/?number=%2B4916093907337\"><img src=\"http:\/\/flughafentransfer-os.de\/airport-shuttle\/wp-content\/uploads\/2019\/03\/purple_Purple_icon.png\" width=\"30%\"; alt=\"\" class=\"et-waypoint et_pb_animation_left et-animated\" style=\"vertical-align: middle; max-width:30%;\"><\/a><\/p>\n<h5>E-Mail:<\/h5>\n<p><a style=\"font-size:13.5px;\" href=\"mailto:info@flughafentransfer-os.de\" target=\"_blank\" rel=\"noopener\">info@flughafentransfer-os.de<\/a><\/p>\n<p><\/p>\n<h5>Zahlungsm\u00f6glichkeiten:<\/h5>\n<p><b>Sie k\u00f6nnen Zahlungen online duchf\u00fchren.<\/b><\/p>\n<p>\n<img src=\"https:\/\/flughafentransfer-os.de\/airport-shuttle\/wp-content\/uploads\/2022\/06\/AMEX_Logo.png\" width=\"23%\" height=\"auto\" class=\"et-waypoint  et_pb_animation_left et-animated\">&nbsp;&nbsp;&nbsp;<img src=\"https:\/\/flughafentransfer-os.de\/airport-shuttle\/wp-content\/uploads\/2022\/06\/Visa_Logo_v2.png\" width=\"25%\" height=\"auto\" class=\"et-waypoint  et_pb_animation_left et-animated\"><\/p>\n<p><img src=\"https:\/\/flughafentransfer-os.de\/airport-shuttle\/wp-content\/uploads\/2022\/06\/Mastercard-Logo.png\" width=\"23%\" height=\"auto\" class=\"et-waypoint  et_pb_animation_left et-animated\">&nbsp;&nbsp;&nbsp;&nbsp;<img src=\"https:\/\/flughafentransfer-os.de\/airport-shuttle\/wp-content\/uploads\/2022\/06\/Maestro_logo.png\" width=\"23%\" height=\"auto\" class=\"et-waypoint  et_pb_animation_left et-animated\"><\/p>\n<p><img src=\"https:\/\/flughafentransfer-os.de\/airport-shuttle\/wp-content\/uploads\/2022\/06\/VPayLogo.png\" width=\"18%\" height=\"auto\" class=\"et-waypoint  et_pb_animation_left et-animated\">&nbsp;&nbsp;&nbsp;&nbsp;&nbsp;&nbsp;&nbsp;<img src=\"https:\/\/flughafentransfer-os.de\/airport-shuttle\/wp-content\/uploads\/2022\/06\/Kontaktlos_Logo.png\" width=\"16%\" height=\"auto\" class=\"et-waypoint  et_pb_animation_left et-animated\"><\/p>\n<p><img src=\"https:\/\/flughafentransfer-os.de\/airport-shuttle\/wp-content\/uploads\/2022\/06\/G_Pay_Logo_Vector.png\" width=\"28%\" height=\"auto\" class=\"et-waypoint  et_pb_animation_left et-animated\">&nbsp;&nbsp;<img src=\"https:\/\/flughafentransfer-os.de\/airport-shuttle\/wp-content\/uploads\/2022\/06\/Apple_Pay_Logo_Vector.png\" width=\"26%\" height=\"auto\" class=\"et-waypoint  et_pb_animation_left et-animated\"><\/p>\n<\/div>\n\t\t<\/div> <!-- end .et_pb_widget -->\n\t\t<\/div> <!-- .et_pb_widget_area -->\n\t\t<\/div> <!-- .et_pb_column -->\n\t\t\t<\/div> <!-- .et_pb_row -->\n\t\t<\/div> <!-- .et_pb_section --><div class=\"et_pb_section et_section_regular\">\n\t\t\t\n\t\t\t\n\t\t\t\t\n\t\t\t\t<div class=\"et_pb_row\">\n\t\t\t<div class=\"et_pb_column et_pb_column_1_2 et_pb_column_empty\">\n\t\t\t\n\t\t<\/div> <!-- .et_pb_column --><div class=\"et_pb_column et_pb_column_1_2 et_pb_column_empty\">\n\t\t\t\n\t\t<\/div> <!-- .et_pb_column -->\n\t\t<\/div> <!-- .et_pb_row -->\n\t\t\t\n\t\t<\/div> <!-- .et_pb_section --><\/p>\n","protected":false},"excerpt":{"rendered":"","protected":false},"author":2,"featured_media":0,"parent":0,"menu_order":0,"comment_status":"open","ping_status":"open","template":"","meta":[],"_links":{"self":[{"href":"https:\/\/flughafentransfer-os.de\/airport-shuttle\/wp-json\/wp\/v2\/pages\/106"}],"collection":[{"href":"https:\/\/flughafentransfer-os.de\/airport-shuttle\/wp-json\/wp\/v2\/pages"}],"about":[{"href":"https:\/\/flughafentransfer-os.de\/airport-shuttle\/wp-json\/wp\/v2\/types\/page"}],"author":[{"embeddable":true,"href":"https:\/\/flughafentransfer-os.de\/airport-shuttle\/wp-json\/wp\/v2\/users\/2"}],"replies":[{"embeddable":true,"href":"https:\/\/flughafentransfer-os.de\/airport-shuttle\/wp-json\/wp\/v2\/comments?post=106"}],"version-history":[{"count":47,"href":"https:\/\/flughafentransfer-os.de\/airport-shuttle\/wp-json\/wp\/v2\/pages\/106\/revisions"}],"predecessor-version":[{"id":1659,"href":"https:\/\/flughafentransfer-os.de\/airport-shuttle\/wp-json\/wp\/v2\/pages\/106\/revisions\/1659"}],"wp:attachment":[{"href":"https:\/\/flughafentransfer-os.de\/airport-shuttle\/wp-json\/wp\/v2\/media?parent=106"}],"curies":[{"name":"wp","href":"https:\/\/api.w.org\/{rel}","templated":true}]}}