{"id":619,"date":"2015-06-10T14:59:50","date_gmt":"2015-06-10T12:59:50","guid":{"rendered":"http:\/\/flughafentransfer-os.de\/airport-shuttle\/?page_id=619"},"modified":"2024-05-26T14:07:50","modified_gmt":"2024-05-26T12:07:50","slug":"service","status":"publish","type":"page","link":"https:\/\/flughafentransfer-os.de\/airport-shuttle\/service\/","title":{"rendered":"Service"},"content":{"rendered":"<p><div class=\"et_pb_section et_pb_fullwidth_section et_section_regular\" style='background-color:#ffffff;background-image:url(http:\/\/flughafentransfer-os.de\/airport-shuttle\/wp-content\/uploads\/2015\/03\/bg-blau.jpg);'>\n\t\t\t\n\t\t\t\n\t\t\t\t\n\t\t\t\t<section class=\"et_pb_fullwidth_header et_pb_bg_layout_dark et_pb_text_align_left\">\n\t\t\t<div class=\"et_pb_row\">\n\t\t\t\t<h1>Unser Service f\u00fcr Sie<\/h1>\n\t\t\t\t\n\t\t\t<\/div>\n\t\t<\/section>\n\t\t\t\n\t\t<\/div> <!-- .et_pb_section --><div class=\"et_pb_section et_section_specialty\">\n\t\t\t\n\t\t\t<div class=\"et_pb_row\">\n\t\t\t\t\n\t\t\t\t<div class=\"et_pb_column et_pb_column_3_4\">\n\t\t\t<div class=\"et_pb_row_inner\">\n\t\t\t<div class=\"et_pb_column et_pb_column_3_8 et_pb_column_inner\">\n\t\t\t<div class=\"et_pb_text et_pb_bg_layout_light et_pb_text_align_left\">\n\t\t\t\n<h3>Neuigkeiten<\/h3>\n<p>Nutzen Sie in eiligen Angelegenheiten unseren Kurier-Express-Service!<br \/>\nSeien es wichtige Dokumente, dringend ben\u00f6tigte Ersatzteile oder eilige Drucksachen, wir transportieren alles schnellstens zu ihrem Bestimmungsort im Inland und auch im Ausland.\n\t\t<\/div> <!-- .et_pb_text --><div class=\"et_pb_text et_pb_bg_layout_light et_pb_text_align_left\">\n\t\t\t\n<h3>Unser Fuhrpark<\/h3>\n<p>Unser Fuhrpark garantiert gro\u00dfe Flexibilit\u00e4t und reibungslose Transporte.<\/p>\n\n\t\t<\/div> <!-- .et_pb_text --><div class=\"et_pb_slider et_pb_slider_fullwidth_off et_slider_auto et_slider_speed_7000\">\n\t\t\t<div class=\"et_pb_slides\">\n\t\t\t\t<div class=\"et_pb_slide et_pb_bg_layout_dark et_pb_media_alignment_center\" style='background-color:#ffffff;background-image:url(https:\/\/flughafentransfer-os.de\/airport-shuttle\/wp-content\/uploads\/2024\/05\/355c66f2-1b73-4b42-a28b-9936d311dcce.jpg);'>\n\t\t\t\n\t\t\t<div class=\"et_pb_container clearfix\">\n\t\t\t\t\n\t\t\t\t<div class=\"et_pb_slide_description\">\n\t\t\t\t\t\n\t\t\t\t\t<div class=\"et_pb_slide_content\"><\/div>\n\t\t\t\t\t\n\t\t\t\t<\/div> <!-- .et_pb_slide_description -->\n\t\t\t<\/div> <!-- .et_pb_container -->\n\t\t\t\n\t\t<\/div> <!-- .et_pb_slide -->\n\t\t<div class=\"et_pb_slide et_pb_bg_layout_dark et_pb_media_alignment_center\" style='background-color:#ffffff;background-image:url(https:\/\/flughafentransfer-os.de\/airport-shuttle\/wp-content\/uploads\/2024\/05\/29ae0ea6-8d9e-4c8d-86b0-0fc0e6172c98.jpg);'>\n\t\t\t\n\t\t\t<div class=\"et_pb_container clearfix\">\n\t\t\t\t\n\t\t\t\t<div class=\"et_pb_slide_description\">\n\t\t\t\t\t\n\t\t\t\t\t<div class=\"et_pb_slide_content\"><\/div>\n\t\t\t\t\t\n\t\t\t\t<\/div> <!-- .et_pb_slide_description -->\n\t\t\t<\/div> <!-- .et_pb_container -->\n\t\t\t\n\t\t<\/div> <!-- .et_pb_slide -->\n\t\t<div class=\"et_pb_slide et_pb_bg_layout_dark et_pb_media_alignment_center\" style='background-color:#ffffff;background-image:url(https:\/\/flughafentransfer-os.de\/airport-shuttle\/wp-content\/uploads\/2024\/05\/b25dda8d-6ba9-4aa1-bd04-f1bc47fd901d.jpg);'>\n\t\t\t\n\t\t\t<div class=\"et_pb_container clearfix\">\n\t\t\t\t\n\t\t\t\t<div class=\"et_pb_slide_description\">\n\t\t\t\t\t\n\t\t\t\t\t<div class=\"et_pb_slide_content\"><\/div>\n\t\t\t\t\t\n\t\t\t\t<\/div> <!-- .et_pb_slide_description -->\n\t\t\t<\/div> <!-- .et_pb_container -->\n\t\t\t\n\t\t<\/div> <!-- .et_pb_slide -->\n\t\t<div class=\"et_pb_slide et_pb_bg_layout_dark et_pb_media_alignment_center\" style='background-color:#ffffff;background-image:url(https:\/\/flughafentransfer-os.de\/airport-shuttle\/wp-content\/uploads\/2024\/05\/3c75607f-0ce6-4083-8f01-e24b8380ee6e.jpg);'>\n\t\t\t\n\t\t\t<div class=\"et_pb_container clearfix\">\n\t\t\t\t\n\t\t\t\t<div class=\"et_pb_slide_description\">\n\t\t\t\t\t\n\t\t\t\t\t<div class=\"et_pb_slide_content\"><\/div>\n\t\t\t\t\t\n\t\t\t\t<\/div> <!-- .et_pb_slide_description -->\n\t\t\t<\/div> <!-- .et_pb_container -->\n\t\t\t\n\t\t<\/div> <!-- .et_pb_slide -->\n\t\t<div class=\"et_pb_slide et_pb_bg_layout_dark et_pb_media_alignment_center\" style='background-color:#ffffff;background-image:url(https:\/\/flughafentransfer-os.de\/airport-shuttle\/wp-content\/uploads\/2024\/05\/42bff357-b5e6-49d4-904c-3b4a00638baf.jpg);'>\n\t\t\t\n\t\t\t<div class=\"et_pb_container clearfix\">\n\t\t\t\t\n\t\t\t\t<div class=\"et_pb_slide_description\">\n\t\t\t\t\t\n\t\t\t\t\t<div class=\"et_pb_slide_content\"><\/div>\n\t\t\t\t\t\n\t\t\t\t<\/div> <!-- .et_pb_slide_description -->\n\t\t\t<\/div> <!-- .et_pb_container -->\n\t\t\t\n\t\t<\/div> <!-- .et_pb_slide -->\n\t\t\n\t\t\t<\/div> <!-- .et_pb_slides -->\n\t\t<\/div> <!-- .et_pb_slider -->\n\t\t\n\t\t<\/div> <!-- .et_pb_column --><div class=\"et_pb_column et_pb_column_3_8 et_pb_column_inner\">\n\t\t\t<div class=\"et_pb_text et_pb_bg_layout_light et_pb_text_align_left\">\n\t\t\t\n<h3>Service<\/h3>\n\n\t\t<\/div> <!-- .et_pb_text --><div class=\"et_pb_blurb et_pb_bg_layout_light et_pb_text_align_left et_pb_blurb_position_left\">\n\t\t\t<div class=\"et_pb_blurb_content\">\n\t\t\t\t<div class=\"et_pb_main_blurb_image\"><span class=\"et-pb-icon et-waypoint et_pb_animation_left\" style=\"color: #16b0c1;\">\ue03c<\/span><\/div>\n\t\t\t\t\n\t\t\t\tWir stehen Ihnen 24 Stunden zur Verf\u00fcgung.\n\t\t\t<\/div> <!-- .et_pb_blurb_content -->\n\t\t<\/div> <!-- .et_pb_blurb --><div class=\"et_pb_blurb et_pb_bg_layout_light et_pb_text_align_left et_pb_blurb_position_left\">\n\t\t\t<div class=\"et_pb_blurb_content\">\n\t\t\t\t<div class=\"et_pb_main_blurb_image\"><span class=\"et-pb-icon et-waypoint et_pb_animation_left\" style=\"color: #16b0c1;\">\ue03c<\/span><\/div>\n\t\t\t\t\n\t\t\t\tWir nehmen Ihnen den Fahr- und Parkstress ab.\n\t\t\t<\/div> <!-- .et_pb_blurb_content -->\n\t\t<\/div> <!-- .et_pb_blurb --><div class=\"et_pb_blurb et_pb_bg_layout_light et_pb_text_align_left et_pb_blurb_position_left\">\n\t\t\t<div class=\"et_pb_blurb_content\">\n\t\t\t\t<div class=\"et_pb_main_blurb_image\"><span class=\"et-pb-icon et-waypoint et_pb_animation_left\" style=\"color: #16b0c1;\">\ue03c<\/span><\/div>\n\t\t\t\t\n\t\t\t\tWir setzen FahrerInnen mit langj\u00e4hriger Fahrpraxis ein.\n\t\t\t<\/div> <!-- .et_pb_blurb_content -->\n\t\t<\/div> <!-- .et_pb_blurb --><div class=\"et_pb_blurb et_pb_bg_layout_light et_pb_text_align_left et_pb_blurb_position_left\">\n\t\t\t<div class=\"et_pb_blurb_content\">\n\t\t\t\t<div class=\"et_pb_main_blurb_image\"><span class=\"et-pb-icon et-waypoint et_pb_animation_left\" style=\"color: #16b0c1;\">\ue03c<\/span><\/div>\n\t\t\t\t\n\t\t\t\t\n<p>Wir chauffieren Sie, Ihre Kunden, Gesch\u00e4ftspartner oder G\u00e4ste mit komfortablen und klimatisierten Limousinen bzw. Gro\u00dfraumfahrzeugen (Mercedes Vito Bus mit je 8 Fahrgastpl\u00e4tzen) , die wir entsprechend Ihrer Wahl einsetzen.<\/p>\n\n\t\t\t<\/div> <!-- .et_pb_blurb_content -->\n\t\t<\/div> <!-- .et_pb_blurb --><div class=\"et_pb_blurb et_pb_bg_layout_light et_pb_text_align_left et_pb_blurb_position_left\">\n\t\t\t<div class=\"et_pb_blurb_content\">\n\t\t\t\t<div class=\"et_pb_main_blurb_image\"><span class=\"et-pb-icon et-waypoint et_pb_animation_left\" style=\"color: #16b0c1;\">\ue03c<\/span><\/div>\n\t\t\t\t\n\t\t\t\tWir chauffieren Sie zu einem vorher vereinbarten Festpreis zu Ihrem Ziel.\n\t\t\t<\/div> <!-- .et_pb_blurb_content -->\n\t\t<\/div> <!-- .et_pb_blurb --><div class=\"et_pb_blurb et_pb_bg_layout_light et_pb_text_align_left et_pb_blurb_position_left\">\n\t\t\t<div class=\"et_pb_blurb_content\">\n\t\t\t\t<div class=\"et_pb_main_blurb_image\"><span class=\"et-pb-icon et-waypoint et_pb_animation_left\" style=\"color: #16b0c1;\">\ue03c<\/span><\/div>\n\t\t\t\t\n\t\t\t\tDie Abholung an Flugh\u00e4fen erfolgt am jeweiligen Meeting-Point im Ankunftsbereich der Fl\u00fcge (nur in Amsterdam\/Schiphol erfolgt die Abholung vor Vertrek\/Abflug\/Departure Hall 2)\n\t\t\t<\/div> <!-- .et_pb_blurb_content -->\n\t\t<\/div> <!-- .et_pb_blurb --><div class=\"et_pb_blurb et_pb_bg_layout_light et_pb_text_align_left et_pb_blurb_position_left\">\n\t\t\t<div class=\"et_pb_blurb_content\">\n\t\t\t\t<div class=\"et_pb_main_blurb_image\"><span class=\"et-pb-icon et-waypoint et_pb_animation_left\" style=\"color: #16b0c1;\">\ue03c<\/span><\/div>\n\t\t\t\t\n\t\t\t\tWir bieten Ihnen schnelle Zahlungsm\u00f6glichkeiten, auch per Kreditkarte oder Rechnung.\n\t\t\t<\/div> <!-- .et_pb_blurb_content -->\n\t\t<\/div> <!-- .et_pb_blurb --><div class=\"et_pb_blurb et_pb_bg_layout_light et_pb_text_align_left et_pb_blurb_position_left\">\n\t\t\t<div class=\"et_pb_blurb_content\">\n\t\t\t\t<div class=\"et_pb_main_blurb_image\"><span class=\"et-pb-icon et-waypoint et_pb_animation_left\" style=\"color: #16b0c1;\">\ue03c<\/span><\/div>\n\t\t\t\t\n\t\t\t\tWir bieten Ihnen Buchungsm\u00f6glichkeiten per Telefon, E-Mail oder einfach \u00fcber unser Vorbestellformular auf dieser Website.\n\t\t\t<\/div> <!-- .et_pb_blurb_content -->\n\t\t<\/div> <!-- .et_pb_blurb --><div class=\"et_pb_blurb et_pb_bg_layout_light et_pb_text_align_left et_pb_blurb_position_left\">\n\t\t\t<div class=\"et_pb_blurb_content\">\n\t\t\t\t<div class=\"et_pb_main_blurb_image\"><span class=\"et-pb-icon et-waypoint et_pb_animation_left\" style=\"color: #16b0c1;\">\ue03c<\/span><\/div>\n\t\t\t\t\n\t\t\t\tSelbstverst\u00e4ndlich verf\u00fcgen wir auch \u00fcber Kindersitze in unseren Fahrzeugen.\n\t\t\t<\/div> <!-- .et_pb_blurb_content -->\n\t\t<\/div> <!-- .et_pb_blurb -->\n\t\t<\/div> <!-- .et_pb_column -->\n\t\t<\/div> <!-- .et_pb_row_inner --><div class=\"et_pb_row_inner\">\n\t\t\t<div class=\"et_pb_column et_pb_column_4_4 et_pb_column_inner et_pb_column_empty\">\n\t\t\t\n\t\t<\/div> <!-- .et_pb_column -->\n\t\t<\/div> <!-- .et_pb_row_inner -->\n\t\t<\/div> <!-- .et_pb_column --><div class=\"et_pb_column et_pb_column_1_4\">\n\t\t\t<div class=\"et_pb_widget_area et_pb_widget_area_right clearfix et_pb_bg_layout_light\">\n\t\t\t<div id=\"text-2\" class=\"et_pb_widget widget_text\"><h4 class=\"widgettitle\">Ihr 24-Stunden-Service und zuverl\u00e4ssiger Partner<\/h4>\t\t\t<div class=\"textwidget\"><p><\/p>\n<h5>Mobil:<\/h5>\n<p>+49 (0) 170 - 4696785<br \/>\n+49 (0) 160 - 93907337<br \/>\n<a href=\"https:\/\/wa.me\/4916093907337\"><img src=\"https:\/\/flughafentransfer-os.de\/airport-shuttle\/wp-content\/uploads\/2022\/06\/WA.png\" width=\"30%\"; height= 10%; alt=\"\" class=\"et-waypoint et_pb_animation_left et-animated\" style=\"vertical-align: middle; max-width:30%;\"><\/a><a href=\"viber:\/\/chat\/?number=%2B4916093907337\"><img src=\"http:\/\/flughafentransfer-os.de\/airport-shuttle\/wp-content\/uploads\/2019\/03\/purple_Purple_icon.png\" width=\"30%\"; alt=\"\" class=\"et-waypoint et_pb_animation_left et-animated\" style=\"vertical-align: middle; max-width:30%;\"><\/a><\/p>\n<h5>E-Mail:<\/h5>\n<p><a style=\"font-size:13.5px;\" href=\"mailto:info@flughafentransfer-os.de\" target=\"_blank\" rel=\"noopener\">info@flughafentransfer-os.de<\/a><\/p>\n<p><\/p>\n<h5>Zahlungsm\u00f6glichkeiten:<\/h5>\n<p><b>Sie k\u00f6nnen Zahlungen online duchf\u00fchren.<\/b><\/p>\n<p>\n<img src=\"https:\/\/flughafentransfer-os.de\/airport-shuttle\/wp-content\/uploads\/2022\/06\/AMEX_Logo.png\" width=\"23%\" height=\"auto\" class=\"et-waypoint  et_pb_animation_left et-animated\">&nbsp;&nbsp;&nbsp;<img src=\"https:\/\/flughafentransfer-os.de\/airport-shuttle\/wp-content\/uploads\/2022\/06\/Visa_Logo_v2.png\" width=\"25%\" height=\"auto\" class=\"et-waypoint  et_pb_animation_left et-animated\"><\/p>\n<p><img src=\"https:\/\/flughafentransfer-os.de\/airport-shuttle\/wp-content\/uploads\/2022\/06\/Mastercard-Logo.png\" width=\"23%\" height=\"auto\" class=\"et-waypoint  et_pb_animation_left et-animated\">&nbsp;&nbsp;&nbsp;&nbsp;<img src=\"https:\/\/flughafentransfer-os.de\/airport-shuttle\/wp-content\/uploads\/2022\/06\/Maestro_logo.png\" width=\"23%\" height=\"auto\" class=\"et-waypoint  et_pb_animation_left et-animated\"><\/p>\n<p><img src=\"https:\/\/flughafentransfer-os.de\/airport-shuttle\/wp-content\/uploads\/2022\/06\/VPayLogo.png\" width=\"18%\" height=\"auto\" class=\"et-waypoint  et_pb_animation_left et-animated\">&nbsp;&nbsp;&nbsp;&nbsp;&nbsp;&nbsp;&nbsp;<img src=\"https:\/\/flughafentransfer-os.de\/airport-shuttle\/wp-content\/uploads\/2022\/06\/Kontaktlos_Logo.png\" width=\"16%\" height=\"auto\" class=\"et-waypoint  et_pb_animation_left et-animated\"><\/p>\n<p><img src=\"https:\/\/flughafentransfer-os.de\/airport-shuttle\/wp-content\/uploads\/2022\/06\/G_Pay_Logo_Vector.png\" width=\"28%\" height=\"auto\" class=\"et-waypoint  et_pb_animation_left et-animated\">&nbsp;&nbsp;<img src=\"https:\/\/flughafentransfer-os.de\/airport-shuttle\/wp-content\/uploads\/2022\/06\/Apple_Pay_Logo_Vector.png\" width=\"26%\" height=\"auto\" class=\"et-waypoint  et_pb_animation_left et-animated\"><\/p>\n<\/div>\n\t\t<\/div> <!-- end .et_pb_widget -->\n\t\t<\/div> <!-- .et_pb_widget_area -->\n\t\t<\/div> <!-- .et_pb_column -->\n\t\t\t<\/div> <!-- .et_pb_row -->\n\t\t<\/div> <!-- .et_pb_section --><\/p>\n","protected":false},"excerpt":{"rendered":"","protected":false},"author":2,"featured_media":0,"parent":0,"menu_order":0,"comment_status":"closed","ping_status":"closed","template":"","meta":[],"_links":{"self":[{"href":"https:\/\/flughafentransfer-os.de\/airport-shuttle\/wp-json\/wp\/v2\/pages\/619"}],"collection":[{"href":"https:\/\/flughafentransfer-os.de\/airport-shuttle\/wp-json\/wp\/v2\/pages"}],"about":[{"href":"https:\/\/flughafentransfer-os.de\/airport-shuttle\/wp-json\/wp\/v2\/types\/page"}],"author":[{"embeddable":true,"href":"https:\/\/flughafentransfer-os.de\/airport-shuttle\/wp-json\/wp\/v2\/users\/2"}],"replies":[{"embeddable":true,"href":"https:\/\/flughafentransfer-os.de\/airport-shuttle\/wp-json\/wp\/v2\/comments?post=619"}],"version-history":[{"count":61,"href":"https:\/\/flughafentransfer-os.de\/airport-shuttle\/wp-json\/wp\/v2\/pages\/619\/revisions"}],"predecessor-version":[{"id":1678,"href":"https:\/\/flughafentransfer-os.de\/airport-shuttle\/wp-json\/wp\/v2\/pages\/619\/revisions\/1678"}],"wp:attachment":[{"href":"https:\/\/flughafentransfer-os.de\/airport-shuttle\/wp-json\/wp\/v2\/media?parent=619"}],"curies":[{"name":"wp","href":"https:\/\/api.w.org\/{rel}","templated":true}]}}